{"id":1281,"date":"2023-08-30T12:28:15","date_gmt":"2023-08-30T15:28:15","guid":{"rendered":"https:\/\/gabrielveras.art\/?page_id=1281"},"modified":"2023-09-01T13:26:19","modified_gmt":"2023-09-01T16:26:19","slug":"certificadosecom23","status":"publish","type":"page","link":"https:\/\/gabrielveras.art\/en\/certificadosecom23\/","title":{"rendered":"Certificado Secom 2023"},"content":{"rendered":"<div data-elementor-type=\"wp-page\" data-elementor-id=\"1281\" class=\"elementor elementor-1281\" data-elementor-post-type=\"page\">\n\t\t\t\t\t\t<section class=\"elementor-section elementor-top-section elementor-element elementor-element-a114497 elementor-section-boxed elementor-section-height-default elementor-section-height-default\" data-id=\"a114497\" data-element_type=\"section\" data-e-type=\"section\">\n\t\t\t\t\t\t<div class=\"elementor-container elementor-column-gap-default\">\n\t\t\t\t\t<div class=\"elementor-column elementor-col-100 elementor-top-column elementor-element elementor-element-81dd38c\" data-id=\"81dd38c\" data-element_type=\"column\" data-e-type=\"column\">\n\t\t\t<div class=\"elementor-widget-wrap elementor-element-populated\">\n\t\t\t\t\t\t<div class=\"elementor-element elementor-element-6f0e506 elementor-widget elementor-widget-text-editor\" data-id=\"6f0e506\" data-element_type=\"widget\" data-e-type=\"widget\" data-widget_type=\"text-editor.default\">\n\t\t\t\t<div class=\"elementor-widget-container\">\n\t\t\t\t\t\t\t\t\t<h3><strong>\ud83d\uddbc\ufe0f EXTRAINDO O M\u00c1XIMO DAS <\/strong><strong>IA&#8217;S PARA SUAS CRIA\u00c7\u00d5ES<br \/><\/strong>\ud83d\uddd2\ufe0f Lista de concluintes:<\/h3><p>Ana Luiza Martins Porto<\/p><p>Ana Raquel Souza Silva<\/p><p>Arthur Martins Carsoso<\/p><p>Cledilson Carlos dos Santos Ara\u00fajo<\/p><p>Daniella Luiza Silva Santos<\/p><p>Gabriel Eust\u00e1quio Elias<\/p><p>Gabriel Marcius Santos Batista<\/p><p>Giovana Rodrigues Ferreira<\/p><p>Isabela Moreira Magalh\u00e3es<\/p><p>Isabella Borges Corr\u00eaa<\/p><p>Isabella Silv\u00e9rio Rosa<\/p><p>Isadora Rodrigues da Silveira<\/p><p>Isadora Trevisanuto de Faria<\/p><p>Isabelle Luiza Gontijo da Silva<\/p><p>Jenifer de Deus Alves<\/p><p>Joice Gabrielle Borge Pedroso dos Santos<\/p><p>Julia Navarro Pitta<\/p><p>J\u00falia Cristina Alves Bessas<\/p><p>Layla de Cassia Freitas Gontijo<\/p><p>Leonardo Rodrigues Pacheco<\/p><p>Luan Moreira de Sousa<\/p><p>Marcos Paulo Martins Oliveira<\/p><p>N\u00e1taly Geovana Gon\u00e7alves Fonseca<\/p><p>Narrilla Cristina<\/p><p>Rafaella Ferreira Rodrigues<\/p>\t\t\t\t\t\t\t\t<\/div>\n\t\t\t\t<\/div>\n\t\t\t\t\t<\/div>\n\t\t<\/div>\n\t\t\t\t\t<\/div>\n\t\t<\/section>\n\t\t\t\t<section class=\"elementor-section elementor-top-section elementor-element elementor-element-c60769d elementor-section-boxed elementor-section-height-default elementor-section-height-default\" data-id=\"c60769d\" data-element_type=\"section\" data-e-type=\"section\">\n\t\t\t\t\t\t<div class=\"elementor-container elementor-column-gap-default\">\n\t\t\t\t\t<div class=\"elementor-column elementor-col-100 elementor-top-column elementor-element elementor-element-b43cdf3\" data-id=\"b43cdf3\" data-element_type=\"column\" data-e-type=\"column\">\n\t\t\t<div class=\"elementor-widget-wrap elementor-element-populated\">\n\t\t\t\t\t\t<div class=\"elementor-element elementor-element-de249d3 elementor-widget elementor-widget-spacer\" data-id=\"de249d3\" data-element_type=\"widget\" data-e-type=\"widget\" data-widget_type=\"spacer.default\">\n\t\t\t\t<div class=\"elementor-widget-container\">\n\t\t\t\t\t\t\t<div class=\"elementor-spacer\">\n\t\t\t<div class=\"elementor-spacer-inner\"><\/div>\n\t\t<\/div>\n\t\t\t\t\t\t<\/div>\n\t\t\t\t<\/div>\n\t\t\t\t\t<\/div>\n\t\t<\/div>\n\t\t\t\t\t<\/div>\n\t\t<\/section>\n\t\t\t\t<\/div>","protected":false},"excerpt":{"rendered":"<p>\ud83d\uddbc\ufe0f EXTRAINDO O M\u00c1XIMO DAS IA&#8217;S PARA SUAS CRIA\u00c7\u00d5ES\ud83d\uddd2\ufe0f Lista de concluintes: Ana Luiza Martins Porto Ana Raquel Souza Silva Arthur Martins Carsoso Cledilson Carlos dos Santos Ara\u00fajo Daniella Luiza Silva Santos Gabriel Eust\u00e1quio Elias Gabriel Marcius Santos Batista Giovana Rodrigues Ferreira Isabela Moreira Magalh\u00e3es Isabella Borges Corr\u00eaa Isabella Silv\u00e9rio Rosa Isadora Rodrigues da Silveira [&hellip;]<\/p>","protected":false},"author":1,"featured_media":0,"parent":0,"menu_order":0,"comment_status":"closed","ping_status":"closed","template":"elementor_header_footer","meta":{"_acf_changed":false,"_joinchat":[],"footnotes":""},"class_list":["post-1281","page","type-page","status-publish","hentry"],"acf":[],"yoast_head":"<!-- This site is optimized with the Yoast SEO plugin v26.9 - https:\/\/yoast.com\/product\/yoast-seo-wordpress\/ -->\n<title>Certificado Secom 2023 - Gabriel Veras<\/title>\n<meta name=\"robots\" content=\"index, follow, max-snippet:-1, max-image-preview:large, max-video-preview:-1\" \/>\n<link rel=\"canonical\" href=\"https:\/\/gabrielveras.art\/en\/certificadosecom23\/\" \/>\n<meta property=\"og:locale\" content=\"en_US\" \/>\n<meta property=\"og:type\" content=\"article\" \/>\n<meta property=\"og:title\" content=\"Certificado Secom 2023 - Gabriel Veras\" \/>\n<meta property=\"og:description\" content=\"\ud83d\uddbc\ufe0f EXTRAINDO O M\u00c1XIMO DAS IA&#8217;S PARA SUAS CRIA\u00c7\u00d5ES\ud83d\uddd2\ufe0f Lista de concluintes: Ana Luiza Martins Porto Ana Raquel Souza Silva Arthur Martins Carsoso Cledilson Carlos dos Santos Ara\u00fajo Daniella Luiza Silva Santos Gabriel Eust\u00e1quio Elias Gabriel Marcius Santos Batista Giovana Rodrigues Ferreira Isabela Moreira Magalh\u00e3es Isabella Borges Corr\u00eaa Isabella Silv\u00e9rio Rosa Isadora Rodrigues da Silveira [&hellip;]\" \/>\n<meta property=\"og:url\" content=\"https:\/\/gabrielveras.art\/en\/certificadosecom23\/\" \/>\n<meta property=\"og:site_name\" content=\"Gabriel Veras\" \/>\n<meta property=\"article:modified_time\" content=\"2023-09-01T16:26:19+00:00\" \/>\n<meta name=\"twitter:card\" content=\"summary_large_image\" \/>\n<meta name=\"twitter:label1\" content=\"Est. reading time\" \/>\n\t<meta name=\"twitter:data1\" content=\"1 minute\" \/>\n<script type=\"application\/ld+json\" class=\"yoast-schema-graph\">{\"@context\":\"https:\/\/schema.org\",\"@graph\":[{\"@type\":\"WebPage\",\"@id\":\"https:\/\/gabrielveras.art\/certificadosecom23\/\",\"url\":\"https:\/\/gabrielveras.art\/certificadosecom23\/\",\"name\":\"Certificado Secom 2023 - Gabriel Veras\",\"isPartOf\":{\"@id\":\"https:\/\/gabrielveras.art\/#website\"},\"datePublished\":\"2023-08-30T15:28:15+00:00\",\"dateModified\":\"2023-09-01T16:26:19+00:00\",\"breadcrumb\":{\"@id\":\"https:\/\/gabrielveras.art\/certificadosecom23\/#breadcrumb\"},\"inLanguage\":\"en-US\",\"potentialAction\":[{\"@type\":\"ReadAction\",\"target\":[\"https:\/\/gabrielveras.art\/certificadosecom23\/\"]}]},{\"@type\":\"BreadcrumbList\",\"@id\":\"https:\/\/gabrielveras.art\/certificadosecom23\/#breadcrumb\",\"itemListElement\":[{\"@type\":\"ListItem\",\"position\":1,\"name\":\"In\u00edcio\",\"item\":\"https:\/\/gabrielveras.art\/\"},{\"@type\":\"ListItem\",\"position\":2,\"name\":\"Certificado Secom 2023\"}]},{\"@type\":\"WebSite\",\"@id\":\"https:\/\/gabrielveras.art\/#website\",\"url\":\"https:\/\/gabrielveras.art\/\",\"name\":\"Gabriel Veras\",\"description\":\"UX\/UI Design \/ An\u00e1lise de Dados \/ Programa\u00e7\u00e3o \/ SaaS\",\"publisher\":{\"@id\":\"https:\/\/gabrielveras.art\/#\/schema\/person\/8d16f3686cd6874de4f6ca2cc8a029d6\"},\"potentialAction\":[{\"@type\":\"SearchAction\",\"target\":{\"@type\":\"EntryPoint\",\"urlTemplate\":\"https:\/\/gabrielveras.art\/?s={search_term_string}\"},\"query-input\":{\"@type\":\"PropertyValueSpecification\",\"valueRequired\":true,\"valueName\":\"search_term_string\"}}],\"inLanguage\":\"en-US\"},{\"@type\":[\"Person\",\"Organization\"],\"@id\":\"https:\/\/gabrielveras.art\/#\/schema\/person\/8d16f3686cd6874de4f6ca2cc8a029d6\",\"name\":\"gabrielveras.art\",\"image\":{\"@type\":\"ImageObject\",\"inLanguage\":\"en-US\",\"@id\":\"https:\/\/gabrielveras.art\/#\/schema\/person\/image\/\",\"url\":\"https:\/\/gabrielveras.art\/wp-content\/uploads\/2024\/10\/homegabriel.webp\",\"contentUrl\":\"https:\/\/gabrielveras.art\/wp-content\/uploads\/2024\/10\/homegabriel.webp\",\"width\":300,\"height\":400,\"caption\":\"gabrielveras.art\"},\"logo\":{\"@id\":\"https:\/\/gabrielveras.art\/#\/schema\/person\/image\/\"},\"sameAs\":[\"http:\/\/gabrielveras.art\"]}]}<\/script>\n<!-- \/ Yoast SEO plugin. -->","yoast_head_json":{"title":"Certificado Secom 2023 - Gabriel Veras","robots":{"index":"index","follow":"follow","max-snippet":"max-snippet:-1","max-image-preview":"max-image-preview:large","max-video-preview":"max-video-preview:-1"},"canonical":"https:\/\/gabrielveras.art\/en\/certificadosecom23\/","og_locale":"en_US","og_type":"article","og_title":"Certificado Secom 2023 - Gabriel Veras","og_description":"\ud83d\uddbc\ufe0f EXTRAINDO O M\u00c1XIMO DAS IA&#8217;S PARA SUAS CRIA\u00c7\u00d5ES\ud83d\uddd2\ufe0f Lista de concluintes: Ana Luiza Martins Porto Ana Raquel Souza Silva Arthur Martins Carsoso Cledilson Carlos dos Santos Ara\u00fajo Daniella Luiza Silva Santos Gabriel Eust\u00e1quio Elias Gabriel Marcius Santos Batista Giovana Rodrigues Ferreira Isabela Moreira Magalh\u00e3es Isabella Borges Corr\u00eaa Isabella Silv\u00e9rio Rosa Isadora Rodrigues da Silveira [&hellip;]","og_url":"https:\/\/gabrielveras.art\/en\/certificadosecom23\/","og_site_name":"Gabriel Veras","article_modified_time":"2023-09-01T16:26:19+00:00","twitter_card":"summary_large_image","twitter_misc":{"Est. reading time":"1 minute"},"schema":{"@context":"https:\/\/schema.org","@graph":[{"@type":"WebPage","@id":"https:\/\/gabrielveras.art\/certificadosecom23\/","url":"https:\/\/gabrielveras.art\/certificadosecom23\/","name":"Certificado Secom 2023 - Gabriel Veras","isPartOf":{"@id":"https:\/\/gabrielveras.art\/#website"},"datePublished":"2023-08-30T15:28:15+00:00","dateModified":"2023-09-01T16:26:19+00:00","breadcrumb":{"@id":"https:\/\/gabrielveras.art\/certificadosecom23\/#breadcrumb"},"inLanguage":"en-US","potentialAction":[{"@type":"ReadAction","target":["https:\/\/gabrielveras.art\/certificadosecom23\/"]}]},{"@type":"BreadcrumbList","@id":"https:\/\/gabrielveras.art\/certificadosecom23\/#breadcrumb","itemListElement":[{"@type":"ListItem","position":1,"name":"In\u00edcio","item":"https:\/\/gabrielveras.art\/"},{"@type":"ListItem","position":2,"name":"Certificado Secom 2023"}]},{"@type":"WebSite","@id":"https:\/\/gabrielveras.art\/#website","url":"https:\/\/gabrielveras.art\/","name":"Gabriel Veras","description":"UX\/UI Design \/ An\u00e1lise de Dados \/ Programa\u00e7\u00e3o \/ SaaS","publisher":{"@id":"https:\/\/gabrielveras.art\/#\/schema\/person\/8d16f3686cd6874de4f6ca2cc8a029d6"},"potentialAction":[{"@type":"SearchAction","target":{"@type":"EntryPoint","urlTemplate":"https:\/\/gabrielveras.art\/?s={search_term_string}"},"query-input":{"@type":"PropertyValueSpecification","valueRequired":true,"valueName":"search_term_string"}}],"inLanguage":"en-US"},{"@type":["Person","Organization"],"@id":"https:\/\/gabrielveras.art\/#\/schema\/person\/8d16f3686cd6874de4f6ca2cc8a029d6","name":"gabrielveras.art","image":{"@type":"ImageObject","inLanguage":"en-US","@id":"https:\/\/gabrielveras.art\/#\/schema\/person\/image\/","url":"https:\/\/gabrielveras.art\/wp-content\/uploads\/2024\/10\/homegabriel.webp","contentUrl":"https:\/\/gabrielveras.art\/wp-content\/uploads\/2024\/10\/homegabriel.webp","width":300,"height":400,"caption":"gabrielveras.art"},"logo":{"@id":"https:\/\/gabrielveras.art\/#\/schema\/person\/image\/"},"sameAs":["http:\/\/gabrielveras.art"]}]}},"_links":{"self":[{"href":"https:\/\/gabrielveras.art\/en\/wp-json\/wp\/v2\/pages\/1281","targetHints":{"allow":["GET"]}}],"collection":[{"href":"https:\/\/gabrielveras.art\/en\/wp-json\/wp\/v2\/pages"}],"about":[{"href":"https:\/\/gabrielveras.art\/en\/wp-json\/wp\/v2\/types\/page"}],"author":[{"embeddable":true,"href":"https:\/\/gabrielveras.art\/en\/wp-json\/wp\/v2\/users\/1"}],"replies":[{"embeddable":true,"href":"https:\/\/gabrielveras.art\/en\/wp-json\/wp\/v2\/comments?post=1281"}],"version-history":[{"count":26,"href":"https:\/\/gabrielveras.art\/en\/wp-json\/wp\/v2\/pages\/1281\/revisions"}],"predecessor-version":[{"id":1370,"href":"https:\/\/gabrielveras.art\/en\/wp-json\/wp\/v2\/pages\/1281\/revisions\/1370"}],"wp:attachment":[{"href":"https:\/\/gabrielveras.art\/en\/wp-json\/wp\/v2\/media?parent=1281"}],"curies":[{"name":"wp","href":"https:\/\/api.w.org\/{rel}","templated":true}]}}